{"id":1567,"date":"2014-11-22T09:50:43","date_gmt":"2014-11-22T08:50:43","guid":{"rendered":"http:\/\/www.litter.me\/wp\/?page_id=1567"},"modified":"2014-11-22T09:51:36","modified_gmt":"2014-11-22T08:51:36","slug":"2014-tuerkei","status":"publish","type":"page","link":"https:\/\/www.litter.me\/?page_id=1567","title":{"rendered":"2014 &#8211; T\u00fcrkei"},"content":{"rendered":"<p>Kurzerhand haben wir uns entschlossen eine Woche Spontanurlaub in der T\u00fcrkei einzulegen. Samstag gebucht&#8230; n\u00e4chsten Samstag geflogen!<\/p>\n<p>Das Hotel (5* All Inclusive) war insgesamt sehr sch\u00f6n angelegt, leider waren etwas viele russische G\u00e4ste anwesend, die etwas gew\u00f6hnungsbed\u00fcrftig sind. Freundlichkeit ist nicht die gr\u00f6\u00dfte St\u00e4rke und auch die Kinder werden ab dem Fr\u00fchst\u00fcck schon mit digitalen Medien (meist iPad) ruhig gestellt.<\/p>\n<p>Nach einigen Tagen Pool, anderer Pool, Strand und Wasserpark zog es uns mit dem Mietwagen raus aus dem Hotelkomplex in Richtung Antalya. An sich eine sch\u00f6ne Stadt, jedoch maximal touristisch ausgerichtet. Die sch\u00f6nsten Str\u00e4nde um Kemer&#8230; naja, was sollen wir sagen ;-). Unser Hotelstrand hat us dann doch besser gefallen.<\/p>\n<p>An sich eine sehr erholsame Woche ohne Action. Daf\u00fcr viel Entspannung, Relaxen und&#8230; Bis dann!<\/p>\n<p><a title=\"Hier\" href=\"http:\/\/www.litter.me\/wp\/?cat=203\">Hier<\/a> gehts zum <a title=\"Reisebericht\" href=\"http:\/\/www.litter.me\/wp\/?cat=203\">Reisebericht<\/a>.<\/p>\n<div class=\"tiled-gallery type-rectangular tiled-gallery-unresized\" data-original-width=\"900\" data-carousel-extra='{&quot;blog_id&quot;:1,&quot;permalink&quot;:&quot;https:\\\/\\\/www.litter.me\\\/?page_id=1567&quot;,&quot;likes_blog_id&quot;:52100771}' itemscope itemtype=\"http:\/\/schema.org\/ImageGallery\" > <div class=\"gallery-row\" style=\"width: 900px; height: 786px;\" data-original-width=\"900\" data-original-height=\"786\" > <div class=\"gallery-group images-1\" style=\"width: 524px; height: 786px;\" data-original-width=\"524\" data-original-height=\"786\" > <div class=\"tiled-gallery-item tiled-gallery-item-large\" itemprop=\"associatedMedia\" itemscope itemtype=\"http:\/\/schema.org\/ImageObject\"> <a href=\"https:\/\/i0.wp.com\/www.litter.me\/wp\/wp-content\/uploads\/2014\/09\/IMG_0006.jpg?ssl=1\" border=\"0\" itemprop=\"url\"> <meta itemprop=\"width\" content=\"520\"> <meta itemprop=\"height\" content=\"782\"> <img decoding=\"async\" class=\"\" data-attachment-id=\"1358\" data-orig-file=\"https:\/\/www.litter.me\/wp\/wp-content\/uploads\/2014\/09\/IMG_0006.jpg\" data-orig-size=\"1288,1936\" data-comments-opened=\"1\" data-image-meta=\"{&quot;aperture&quot;:&quot;0&quot;,&quot;credit&quot;:&quot;&quot;,&quot;camera&quot;:&quot;&quot;,&quot;caption&quot;:&quot;&quot;,&quot;created_timestamp&quot;:&quot;0&quot;,&quot;copyright&quot;:&quot;&quot;,&quot;focal_length&quot;:&quot;0&quot;,&quot;iso&quot;:&quot;0&quot;,&quot;shutter_speed&quot;:&quot;0&quot;,&quot;title&quot;:&quot;&quot;,&quot;orientation&quot;:&quot;0&quot;}\" data-image-title=\"IMG_0006.JPG\" data-image-description=\"\" data-medium-file=\"https:\/\/www.litter.me\/wp\/wp-content\/uploads\/2014\/09\/IMG_0006-200x300.jpg\" data-large-file=\"https:\/\/www.litter.me\/wp\/wp-content\/uploads\/2014\/09\/IMG_0006-511x768.jpg\" src=\"https:\/\/i0.wp.com\/www.litter.me\/wp\/wp-content\/uploads\/2014\/09\/IMG_0006.jpg?w=520&#038;h=782&#038;ssl=1\" srcset=\"https:\/\/www.litter.me\/wp\/wp-content\/uploads\/2014\/09\/IMG_0006.jpg 1288w, https:\/\/www.litter.me\/wp\/wp-content\/uploads\/2014\/09\/IMG_0006-200x300.jpg 200w, https:\/\/www.litter.me\/wp\/wp-content\/uploads\/2014\/09\/IMG_0006-511x768.jpg 511w\" width=\"520\" height=\"782\" loading=\"lazy\" data-original-width=\"520\" data-original-height=\"782\" itemprop=\"http:\/\/schema.org\/image\" title=\"IMG_0006.JPG\" alt=\"IMG_0006.JPG\" style=\"width: 520px; height: 782px;\" \/> <\/a> <\/div> <\/div> <!-- close group --> <div class=\"gallery-group images-3\" style=\"width: 376px; height: 786px;\" data-original-width=\"376\" data-original-height=\"786\" > <div class=\"tiled-gallery-item tiled-gallery-item-large\" itemprop=\"associatedMedia\" itemscope itemtype=\"http:\/\/schema.org\/ImageObject\"> <a href=\"https:\/\/i0.wp.com\/www.litter.me\/wp\/wp-content\/uploads\/2014\/09\/IMG_0007.jpg?ssl=1\" border=\"0\" itemprop=\"url\"> <meta itemprop=\"width\" content=\"372\"> <meta itemprop=\"height\" content=\"248\"> <img decoding=\"async\" class=\"\" data-attachment-id=\"1359\" data-orig-file=\"https:\/\/www.litter.me\/wp\/wp-content\/uploads\/2014\/09\/IMG_0007.jpg\" data-orig-size=\"1936,1288\" data-comments-opened=\"1\" data-image-meta=\"{&quot;aperture&quot;:&quot;0&quot;,&quot;credit&quot;:&quot;&quot;,&quot;camera&quot;:&quot;&quot;,&quot;caption&quot;:&quot;&quot;,&quot;created_timestamp&quot;:&quot;0&quot;,&quot;copyright&quot;:&quot;&quot;,&quot;focal_length&quot;:&quot;0&quot;,&quot;iso&quot;:&quot;0&quot;,&quot;shutter_speed&quot;:&quot;0&quot;,&quot;title&quot;:&quot;&quot;,&quot;orientation&quot;:&quot;0&quot;}\" data-image-title=\"IMG_0007.JPG\" data-image-description=\"\" data-medium-file=\"https:\/\/www.litter.me\/wp\/wp-content\/uploads\/2014\/09\/IMG_0007-300x200.jpg\" data-large-file=\"https:\/\/www.litter.me\/wp\/wp-content\/uploads\/2014\/09\/IMG_0007-1024x681.jpg\" src=\"https:\/\/i0.wp.com\/www.litter.me\/wp\/wp-content\/uploads\/2014\/09\/IMG_0007.jpg?w=372&#038;h=248&#038;ssl=1\" srcset=\"https:\/\/www.litter.me\/wp\/wp-content\/uploads\/2014\/09\/IMG_0007.jpg 1936w, https:\/\/www.litter.me\/wp\/wp-content\/uploads\/2014\/09\/IMG_0007-300x200.jpg 300w, https:\/\/www.litter.me\/wp\/wp-content\/uploads\/2014\/09\/IMG_0007-1024x681.jpg 1024w\" width=\"372\" height=\"248\" loading=\"lazy\" data-original-width=\"372\" data-original-height=\"248\" itemprop=\"http:\/\/schema.org\/image\" title=\"IMG_0007.JPG\" alt=\"IMG_0007.JPG\" style=\"width: 372px; height: 248px;\" \/> <\/a> <\/div> <div class=\"tiled-gallery-item tiled-gallery-item-large\" itemprop=\"associatedMedia\" itemscope itemtype=\"http:\/\/schema.org\/ImageObject\"> <a href=\"https:\/\/i0.wp.com\/www.litter.me\/wp\/wp-content\/uploads\/2014\/09\/IMG_0664.jpg?ssl=1\" border=\"0\" itemprop=\"url\"> <meta itemprop=\"width\" content=\"372\"> <meta itemprop=\"height\" content=\"279\"> <img decoding=\"async\" class=\"\" data-attachment-id=\"1345\" data-orig-file=\"https:\/\/www.litter.me\/wp\/wp-content\/uploads\/2014\/09\/IMG_0664.jpg\" data-orig-size=\"2048,1536\" data-comments-opened=\"1\" data-image-meta=\"{&quot;aperture&quot;:&quot;0&quot;,&quot;credit&quot;:&quot;&quot;,&quot;camera&quot;:&quot;&quot;,&quot;caption&quot;:&quot;&quot;,&quot;created_timestamp&quot;:&quot;0&quot;,&quot;copyright&quot;:&quot;&quot;,&quot;focal_length&quot;:&quot;0&quot;,&quot;iso&quot;:&quot;0&quot;,&quot;shutter_speed&quot;:&quot;0&quot;,&quot;title&quot;:&quot;&quot;,&quot;orientation&quot;:&quot;0&quot;}\" data-image-title=\"IMG_0664.JPG\" data-image-description=\"\" data-medium-file=\"https:\/\/www.litter.me\/wp\/wp-content\/uploads\/2014\/09\/IMG_0664-300x225.jpg\" data-large-file=\"https:\/\/www.litter.me\/wp\/wp-content\/uploads\/2014\/09\/IMG_0664-1024x768.jpg\" src=\"https:\/\/i0.wp.com\/www.litter.me\/wp\/wp-content\/uploads\/2014\/09\/IMG_0664.jpg?w=372&#038;h=279&#038;ssl=1\" srcset=\"https:\/\/www.litter.me\/wp\/wp-content\/uploads\/2014\/09\/IMG_0664.jpg 2048w, https:\/\/www.litter.me\/wp\/wp-content\/uploads\/2014\/09\/IMG_0664-300x225.jpg 300w, https:\/\/www.litter.me\/wp\/wp-content\/uploads\/2014\/09\/IMG_0664-1024x768.jpg 1024w\" width=\"372\" height=\"279\" loading=\"lazy\" data-original-width=\"372\" data-original-height=\"279\" itemprop=\"http:\/\/schema.org\/image\" title=\"IMG_0664.JPG\" alt=\"IMG_0664.JPG\" style=\"width: 372px; height: 279px;\" \/> <\/a> <\/div> <div class=\"tiled-gallery-item tiled-gallery-item-large\" itemprop=\"associatedMedia\" itemscope itemtype=\"http:\/\/schema.org\/ImageObject\"> <a href=\"https:\/\/i0.wp.com\/www.litter.me\/wp\/wp-content\/uploads\/2014\/09\/IMG_0002.jpg?ssl=1\" border=\"0\" itemprop=\"url\"> <meta itemprop=\"width\" content=\"372\"> <meta itemprop=\"height\" content=\"247\"> <img decoding=\"async\" class=\"\" data-attachment-id=\"1355\" data-orig-file=\"https:\/\/www.litter.me\/wp\/wp-content\/uploads\/2014\/09\/IMG_0002.jpg\" data-orig-size=\"1936,1288\" data-comments-opened=\"1\" data-image-meta=\"{&quot;aperture&quot;:&quot;0&quot;,&quot;credit&quot;:&quot;&quot;,&quot;camera&quot;:&quot;&quot;,&quot;caption&quot;:&quot;&quot;,&quot;created_timestamp&quot;:&quot;0&quot;,&quot;copyright&quot;:&quot;&quot;,&quot;focal_length&quot;:&quot;0&quot;,&quot;iso&quot;:&quot;0&quot;,&quot;shutter_speed&quot;:&quot;0&quot;,&quot;title&quot;:&quot;&quot;,&quot;orientation&quot;:&quot;0&quot;}\" data-image-title=\"IMG_0002.JPG\" data-image-description=\"\" data-medium-file=\"https:\/\/www.litter.me\/wp\/wp-content\/uploads\/2014\/09\/IMG_0002-300x200.jpg\" data-large-file=\"https:\/\/www.litter.me\/wp\/wp-content\/uploads\/2014\/09\/IMG_0002-1024x681.jpg\" src=\"https:\/\/i0.wp.com\/www.litter.me\/wp\/wp-content\/uploads\/2014\/09\/IMG_0002.jpg?w=372&#038;h=247&#038;ssl=1\" srcset=\"https:\/\/www.litter.me\/wp\/wp-content\/uploads\/2014\/09\/IMG_0002.jpg 1936w, https:\/\/www.litter.me\/wp\/wp-content\/uploads\/2014\/09\/IMG_0002-300x200.jpg 300w, https:\/\/www.litter.me\/wp\/wp-content\/uploads\/2014\/09\/IMG_0002-1024x681.jpg 1024w\" width=\"372\" height=\"247\" loading=\"lazy\" data-original-width=\"372\" data-original-height=\"247\" itemprop=\"http:\/\/schema.org\/image\" title=\"IMG_0002.JPG\" alt=\"IMG_0002.JPG\" style=\"width: 372px; height: 247px;\" \/> <\/a> <\/div> <\/div> <!-- close group --> <\/div> <!-- close row --> <\/div>\n","protected":false},"excerpt":{"rendered":"<p>Kurzerhand haben wir uns entschlossen eine Woche Spontanurlaub in der T\u00fcrkei einzulegen. Samstag gebucht&#8230; n\u00e4chsten Samstag geflogen! Das Hotel (5* All Inclusive) war insgesamt sehr sch\u00f6n angelegt, leider waren etwas viele russische G\u00e4ste anwesend, die etwas gew\u00f6hnungsbed\u00fcrftig sind. Freundlichkeit ist nicht die gr\u00f6\u00dfte St\u00e4rke und auch die Kinder werden ab dem Fr\u00fchst\u00fcck schon mit digitalen Medien (meist iPad) ruhig gestellt. Nach einigen Tagen Pool, anderer Pool, Strand und Wasserpark zog es uns mit dem Mietwagen raus aus dem Hotelkomplex in Richtung Antalya. An sich eine sch\u00f6ne Stadt, jedoch maximal touristisch ausgerichtet. Die sch\u00f6nsten Str\u00e4nde um Kemer&#8230; naja, was sollen wir sagen ;-). Unser Hotelstrand hat us dann doch besser gefallen. An sich eine sehr erholsame Woche ohne Action. Daf\u00fcr viel Entspannung, Relaxen und&#8230; Bis dann! Hier gehts zum Reisebericht.<\/p>\n","protected":false},"author":2,"featured_media":0,"parent":479,"menu_order":0,"comment_status":"open","ping_status":"open","template":"page-without-sidebar.php","meta":{"_s2mail":"","footnotes":""},"class_list":["post-1567","page","type-page","status-publish","hentry"],"jetpack_shortlink":"https:\/\/wp.me\/P3wBN1-ph","jetpack_likes_enabled":true,"jetpack_sharing_enabled":true,"_links":{"self":[{"href":"https:\/\/www.litter.me\/index.php?rest_route=\/wp\/v2\/pages\/1567","targetHints":{"allow":["GET"]}}],"collection":[{"href":"https:\/\/www.litter.me\/index.php?rest_route=\/wp\/v2\/pages"}],"about":[{"href":"https:\/\/www.litter.me\/index.php?rest_route=\/wp\/v2\/types\/page"}],"author":[{"embeddable":true,"href":"https:\/\/www.litter.me\/index.php?rest_route=\/wp\/v2\/users\/2"}],"replies":[{"embeddable":true,"href":"https:\/\/www.litter.me\/index.php?rest_route=%2Fwp%2Fv2%2Fcomments&post=1567"}],"version-history":[{"count":2,"href":"https:\/\/www.litter.me\/index.php?rest_route=\/wp\/v2\/pages\/1567\/revisions"}],"predecessor-version":[{"id":1569,"href":"https:\/\/www.litter.me\/index.php?rest_route=\/wp\/v2\/pages\/1567\/revisions\/1569"}],"up":[{"embeddable":true,"href":"https:\/\/www.litter.me\/index.php?rest_route=\/wp\/v2\/pages\/479"}],"wp:attachment":[{"href":"https:\/\/www.litter.me\/index.php?rest_route=%2Fwp%2Fv2%2Fmedia&parent=1567"}],"curies":[{"name":"wp","href":"https:\/\/api.w.org\/{rel}","templated":true}]}}