{"id":2166,"date":"2015-04-27T16:34:10","date_gmt":"2015-04-27T14:34:10","guid":{"rendered":"http:\/\/www.litter.me\/wp\/?page_id=2166"},"modified":"2015-04-27T17:31:47","modified_gmt":"2015-04-27T15:31:47","slug":"intel-nuc-nuc5i5ryh-htpc","status":"publish","type":"page","link":"https:\/\/www.litter.me\/?page_id=2166","title":{"rendered":"Intel NUC NUC5i5RYH HTPC"},"content":{"rendered":"<p>Eine neuer Medienrechner sollte m\u00f6glichst klein, unscheinbar und doch die n\u00f6tige Technik f\u00fcr 4K-Wiedergabe mitbringen. Die Wahl fiel daher auf den NUC5i5RYH.<\/p>\n<p>Vorbereitung:<\/p>\n<ul>\n<li><a title=\"BIOS Update\" href=\"https:\/\/downloadcenter.intel.com\/downloads\/eula\/24868\/BIOS-Update-RYBDWi35-86A-?httpDown=http%3A%2F%2Fdownloadmirror.intel.com%2F24868%2Feng%2FRYBDWI35.86A.0247.BI.ZIP\" target=\"_blank\">BIOS Update <\/a><\/li>\n<\/ul>\n<p>Zus\u00e4tzliche Ausstattung:<\/p>\n<ul>\n<li>TT-connect CT2-4650CI<\/li>\n<\/ul>\n<p>Als Betriebssystem kommt wieder Linux zum Einsatz. Seit Langem benutzte ich Debian, jedoch werde ich bei dieser Installation auf Ubuntu umschwenken. Mit erscheint die Paketunterst\u00fctzung hinsichtlich Kodi + Plugins und Multimedia etwas besser zu sein. Aus Zeitgr\u00fcnden m\u00f6chte ich eigene Kompiliersessions diesmal vermeiden. Mal sehen ob sich Linux mitlerweile als Out-of-the-box System bew\u00e4hrt. Die Vergangenheit hat gelehrt, dass besonders bei neuer Hardware tiefere PC-Kenntnisse notwendig sind um alles ans Laufen zu kriegen. Besonders DVB-Devices zierten sich oftmals nach der Neuinstallation direkt zu performen. Wir werden sehen was passiert \ud83d\ude09<\/p>\n<p>&nbsp;<\/p>\n<p>Wichtige Hardwaremerkmale:<\/p>\n<ul>\n<li>LIRC Unterst\u00fctzung <strong>nuvoton-cir<\/strong><\/li>\n<\/ul>\n<p>&nbsp;<\/p>\n","protected":false},"excerpt":{"rendered":"<p>Eine neuer Medienrechner sollte m\u00f6glichst klein, unscheinbar und doch die n\u00f6tige Technik f\u00fcr 4K-Wiedergabe mitbringen. Die Wahl fiel daher auf den NUC5i5RYH. Vorbereitung: BIOS Update Zus\u00e4tzliche Ausstattung: TT-connect CT2-4650CI Als Betriebssystem kommt wieder Linux zum Einsatz. Seit Langem benutzte ich Debian, jedoch werde ich bei dieser Installation auf Ubuntu umschwenken. Mit erscheint die Paketunterst\u00fctzung hinsichtlich Kodi + Plugins und Multimedia etwas besser zu sein. Aus Zeitgr\u00fcnden m\u00f6chte ich eigene Kompiliersessions diesmal vermeiden. Mal sehen ob sich Linux mitlerweile als Out-of-the-box System bew\u00e4hrt. Die Vergangenheit hat gelehrt, dass besonders bei neuer Hardware tiefere PC-Kenntnisse notwendig sind um alles ans Laufen zu kriegen. Besonders DVB-Devices zierten sich oftmals nach der Neuinstallation direkt zu performen. Wir werden sehen was passiert \ud83d\ude09 &nbsp; Wichtige Hardwaremerkmale: LIRC Unterst\u00fctzung nuvoton-cir &nbsp;<\/p>\n","protected":false},"author":2,"featured_media":0,"parent":2159,"menu_order":0,"comment_status":"open","ping_status":"open","template":"","meta":{"_s2mail":"","footnotes":""},"class_list":["post-2166","page","type-page","status-publish","hentry"],"jetpack_shortlink":"https:\/\/wp.me\/P3wBN1-yW","jetpack_likes_enabled":true,"jetpack_sharing_enabled":true,"_links":{"self":[{"href":"https:\/\/www.litter.me\/index.php?rest_route=\/wp\/v2\/pages\/2166","targetHints":{"allow":["GET"]}}],"collection":[{"href":"https:\/\/www.litter.me\/index.php?rest_route=\/wp\/v2\/pages"}],"about":[{"href":"https:\/\/www.litter.me\/index.php?rest_route=\/wp\/v2\/types\/page"}],"author":[{"embeddable":true,"href":"https:\/\/www.litter.me\/index.php?rest_route=\/wp\/v2\/users\/2"}],"replies":[{"embeddable":true,"href":"https:\/\/www.litter.me\/index.php?rest_route=%2Fwp%2Fv2%2Fcomments&post=2166"}],"version-history":[{"count":5,"href":"https:\/\/www.litter.me\/index.php?rest_route=\/wp\/v2\/pages\/2166\/revisions"}],"predecessor-version":[{"id":2172,"href":"https:\/\/www.litter.me\/index.php?rest_route=\/wp\/v2\/pages\/2166\/revisions\/2172"}],"up":[{"embeddable":true,"href":"https:\/\/www.litter.me\/index.php?rest_route=\/wp\/v2\/pages\/2159"}],"wp:attachment":[{"href":"https:\/\/www.litter.me\/index.php?rest_route=%2Fwp%2Fv2%2Fmedia&parent=2166"}],"curies":[{"name":"wp","href":"https:\/\/api.w.org\/{rel}","templated":true}]}}