{"id":403,"date":"2013-03-08T01:00:44","date_gmt":"2013-03-07T23:00:44","guid":{"rendered":"http:\/\/www.litter.me\/wp\/?page_id=403"},"modified":"2019-05-27T23:53:01","modified_gmt":"2019-05-27T21:53:01","slug":"kamera-equipment","status":"publish","type":"page","link":"https:\/\/www.litter.me\/?page_id=403","title":{"rendered":"Kamera Equipment"},"content":{"rendered":"<h2>Kamera<\/h2>\n<ul>\n<li>Canon EOS 7D Mark II<\/li>\n<li>GoPro Hero 2<\/li>\n<li>GoPro Hero 3 Silver Edition<\/li>\n<li>DJI Mavic Pro Drone<\/li>\n<li>GoPro Hero 7 Black<\/li>\n<\/ul>\n<h2>Objektive<\/h2>\n<h3>Canon EF-S 15-85mm IS USM<\/h3>\n<p>Dieses Objektiv ist immer dabei. Standardobjektiv.<\/p>\n<h3>Tokina AF 11-16mm\/2.8<\/h3>\n<p>H\u00e4ufig im Urlaub im Einsatz, im heimischen Gebrauch eher weniger. In Verbindung mit Polfilter f\u00fcr Landschaftsfotografie wirklich super. Schw\u00e4che: sehr anf\u00e4llig auf Lens-Flare was aber auch als Effekt genutzt werden kann.<\/p>\n<h3>Canon EF 70-300mm 1:4,0-5,6 IS USM<\/h3>\n<p>Sehr gutes Teleobjektiv f\u00fcr diesen Preis, mit dem sich beeindruckende Aufnahmen auch mit schnell bewegten Objekten aus der Hand machen lassen. Eher weniger im Einsatz aber absolut notwendig \ud83d\ude09<\/p>\n<h3>Canon EF 50mm f\/1.4 USM, Festbrennweite<\/h3>\n<p>Super Festbrennweite mit guter Lichtst\u00e4rke. Ideal f\u00fcr Portraits oder auch Sternenaufnahmen. Ich wollte nicht den Preis f\u00fcr das L-Objektiv bezahlen und mit diesem auch sehr zufrieden.<\/p>\n<h2>Filter<\/h2>\n<ul>\n<li>Hoya HD Polarisationsfilter Cirkular 77mm<\/li>\n<li>Hoya HD Polarisationsfilter Cirkular 72mm<\/li>\n<li>Hoya HD UV Filter 77mm, 72mm<\/li>\n<\/ul>\n<h2>Blitz<\/h2>\n<h3>Canon Speedlite 430 Ex II<\/h3>\n<p>Sehr h\u00e4ufig im Einsatz auf Festen, Parties oder \u00c4hnlichem. Ist dem internen Blitz so haushoch \u00fcberlegen dass ich sobald es sich lohnt zu Blitzen das Mehrgewicht gerne in Kauf nehme. In Verbindung mit dem Fernausl\u00f6ser lassen sich coole Effekte erzielen.<\/p>\n<h2>Zubeh\u00f6r<\/h2>\n<ul>\n<li>Bilora Carbon Pro Stativ mit Bilora Kugelkopf (trotz Carbon etwas schwer)<\/li>\n<li>Photix Batteriegriff f\u00fcr Canon (ident. BG-E2N, sehr gut f\u00fcr die Balance und Hochkantaufnahmen)<\/li>\n<li>Photix LCD Fernausl\u00f6ser TR90 (\u00e4hnlich TC-80, unabdingbar f\u00fcr Nachtaufnahmen mit langer Belichtungszeit)<\/li>\n<li>Lichtzelt 80x80x80 wei\u00df<\/li>\n<li>2x Studioblitz E27 + Stative<\/li>\n<li>Reflektor 120 wei\u00df\/silber\/gold + Halter<\/li>\n<li>GoPro Hero2 LCD Pack<\/li>\n<li>GoPro Hero2 WLAN Pack<\/li>\n<li>GoPro Hero2 diverse Halter, Chesty, etc.<\/li>\n<\/ul>\n","protected":false},"excerpt":{"rendered":"<p>Kamera Canon EOS 7D Mark II GoPro Hero 2 GoPro Hero 3 Silver Edition DJI Mavic Pro Drone GoPro Hero 7 Black Objektive Canon EF-S 15-85mm IS USM Dieses Objektiv ist immer dabei. Standardobjektiv. Tokina AF 11-16mm\/2.8 H\u00e4ufig im Urlaub im Einsatz, im heimischen Gebrauch eher weniger. In Verbindung mit Polfilter f\u00fcr Landschaftsfotografie wirklich super. Schw\u00e4che: sehr anf\u00e4llig auf Lens-Flare was aber auch als Effekt genutzt werden kann. Canon EF 70-300mm 1:4,0-5,6 IS USM Sehr gutes Teleobjektiv f\u00fcr diesen Preis, mit dem sich beeindruckende Aufnahmen auch mit schnell bewegten Objekten aus der Hand machen lassen. Eher weniger im Einsatz aber absolut notwendig \ud83d\ude09 Canon EF 50mm f\/1.4 USM, Festbrennweite Super Festbrennweite mit guter Lichtst\u00e4rke. Ideal f\u00fcr Portraits oder auch Sternenaufnahmen. Ich wollte nicht den Preis f\u00fcr das L-Objektiv bezahlen und mit diesem auch sehr zufrieden. Filter Hoya HD Polarisationsfilter Cirkular 77mm Hoya HD Polarisationsfilter Cirkular 72mm Hoya HD UV Filter 77mm, 72mm Blitz Canon Speedlite 430 Ex II Sehr h\u00e4ufig im Einsatz auf Festen, Parties oder \u00c4hnlichem. Ist dem internen Blitz so haushoch \u00fcberlegen dass ich sobald es sich lohnt zu Blitzen das Mehrgewicht gerne in Kauf nehme. In Verbindung mit dem Fernausl\u00f6ser lassen sich coole Effekte erzielen. Zubeh\u00f6r Bilora Carbon Pro Stativ mit Bilora Kugelkopf (trotz Carbon etwas schwer) Photix Batteriegriff f\u00fcr Canon (ident. BG-E2N, sehr gut f\u00fcr die Balance und Hochkantaufnahmen) Photix LCD Fernausl\u00f6ser TR90 (\u00e4hnlich TC-80, unabdingbar f\u00fcr Nachtaufnahmen mit langer Belichtungszeit) Lichtzelt 80x80x80 wei\u00df 2x Studioblitz E27 + Stative Reflektor 120 wei\u00df\/silber\/gold + Halter GoPro Hero2 LCD Pack GoPro Hero2 WLAN Pack GoPro Hero2 diverse Halter, Chesty, etc.<\/p>\n","protected":false},"author":2,"featured_media":0,"parent":0,"menu_order":100,"comment_status":"open","ping_status":"open","template":"","meta":{"_s2mail":"","jetpack_post_was_ever_published":false,"footnotes":""},"class_list":["post-403","page","type-page","status-publish","hentry"],"jetpack_shortlink":"https:\/\/wp.me\/P3wBN1-6v","jetpack_likes_enabled":true,"jetpack_sharing_enabled":true,"_links":{"self":[{"href":"https:\/\/www.litter.me\/index.php?rest_route=\/wp\/v2\/pages\/403","targetHints":{"allow":["GET"]}}],"collection":[{"href":"https:\/\/www.litter.me\/index.php?rest_route=\/wp\/v2\/pages"}],"about":[{"href":"https:\/\/www.litter.me\/index.php?rest_route=\/wp\/v2\/types\/page"}],"author":[{"embeddable":true,"href":"https:\/\/www.litter.me\/index.php?rest_route=\/wp\/v2\/users\/2"}],"replies":[{"embeddable":true,"href":"https:\/\/www.litter.me\/index.php?rest_route=%2Fwp%2Fv2%2Fcomments&post=403"}],"version-history":[{"count":24,"href":"https:\/\/www.litter.me\/index.php?rest_route=\/wp\/v2\/pages\/403\/revisions"}],"predecessor-version":[{"id":5749,"href":"https:\/\/www.litter.me\/index.php?rest_route=\/wp\/v2\/pages\/403\/revisions\/5749"}],"wp:attachment":[{"href":"https:\/\/www.litter.me\/index.php?rest_route=%2Fwp%2Fv2%2Fmedia&parent=403"}],"curies":[{"name":"wp","href":"https:\/\/api.w.org\/{rel}","templated":true}]}}