{"id":5134,"date":"2018-05-24T12:43:07","date_gmt":"2018-05-24T10:43:07","guid":{"rendered":"https:\/\/www.litter.me\/wp\/?page_id=5134"},"modified":"2018-05-24T16:38:59","modified_gmt":"2018-05-24T14:38:59","slug":"wie-registrieren","status":"publish","type":"page","link":"https:\/\/www.litter.me\/?page_id=5134","title":{"rendered":"Wie registrieren?"},"content":{"rendered":"<p>Wir m\u00f6chten besonders unseren Familienmitgliedern und Freunden, die etwas weiter weg wohnen, die M\u00f6glichkeit geben uns etwas n\u00e4her zu sein. Daher gibt es einen privaten Bereich dieser Homepage, welcher eine Registrierung erfordert.<\/p>\n<p><strong>Bitte geht mit den Bilder in den Beitr\u00e4gen \/ Galerien sorgsam und respektvoll um. Postet Bilder bitte keinesfalls auf Onlineplattformen wie Facebook\/Twitter\/etc. Ebenso bitten wir euch keine Fotos im WhatsApp-Status zu verwenden, da diese jeder eurer Kontakte sehen und speichern kann. Das m\u00f6chten wir nicht.<\/strong><\/p>\n<p>So. Genug der Regeln, anbei die Anleitung zur Registrierung und viel Spa\u00df mit den Artikeln und Bildern!<\/p>\n<h2>1. Registrieren<\/h2>\n<figure id=\"attachment_5143\" aria-describedby=\"caption-attachment-5143\" style=\"width: 160px\" class=\"wp-caption alignleft\"><a href=\"https:\/\/www.litter.me\/wp\/wp-content\/uploads\/2018\/05\/Anmelden.png\"><img loading=\"lazy\" decoding=\"async\" data-attachment-id=\"5143\" data-permalink=\"https:\/\/www.litter.me\/?attachment_id=5143\" data-orig-file=\"https:\/\/www.litter.me\/wp\/wp-content\/uploads\/2018\/05\/Anmelden.png\" data-orig-size=\"614,270\" data-comments-opened=\"1\" data-image-meta=\"{&quot;aperture&quot;:&quot;0&quot;,&quot;credit&quot;:&quot;&quot;,&quot;camera&quot;:&quot;&quot;,&quot;caption&quot;:&quot;&quot;,&quot;created_timestamp&quot;:&quot;0&quot;,&quot;copyright&quot;:&quot;&quot;,&quot;focal_length&quot;:&quot;0&quot;,&quot;iso&quot;:&quot;0&quot;,&quot;shutter_speed&quot;:&quot;0&quot;,&quot;title&quot;:&quot;&quot;,&quot;orientation&quot;:&quot;0&quot;}\" data-image-title=\"Anmelden\" data-image-description=\"\" data-image-caption=\"\" data-large-file=\"https:\/\/www.litter.me\/wp\/wp-content\/uploads\/2018\/05\/Anmelden.png\" class=\"wp-image-5143 size-thumbnail\" src=\"https:\/\/www.litter.me\/wp\/wp-content\/uploads\/2018\/05\/Anmelden-160x160.png\" alt=\"\" width=\"160\" height=\"160\" \/><\/a><figcaption id=\"caption-attachment-5143\" class=\"wp-caption-text\">Anmeldebutton<\/figcaption><\/figure>\n<p>Bitte benutzt den <a href=\"https:\/\/www.litter.me\/wp\/wp-login.php?action=register\">Direktlink zur Registrierung<\/a> oder den <strong>Registrieren<\/strong>\u00a0Button auf der rechten Seite der Homepage.\u00a0<span style=\"font-size: 1.0625rem;\">Gebt in das Formular bitte euren gew\u00fcnschten <strong>Benutzernamen<\/strong> und eure <strong>Emailadresse<\/strong> ein. Ihr erhaltet dann kurze Zeit sp\u00e4ter eine Mail von uns mit einem Link, mit dem ihr euer eigenes Passwort vergeben k\u00f6nnt.<\/span><\/p>\n<h2>2. Passwort vergeben<\/h2>\n<figure id=\"attachment_5139\" aria-describedby=\"caption-attachment-5139\" style=\"width: 160px\" class=\"wp-caption alignleft\"><a href=\"https:\/\/www.litter.me\/wp\/wp-content\/uploads\/2018\/05\/PasswortSetzen.png\"><img loading=\"lazy\" decoding=\"async\" data-attachment-id=\"5139\" data-permalink=\"https:\/\/www.litter.me\/?attachment_id=5139\" data-orig-file=\"https:\/\/www.litter.me\/wp\/wp-content\/uploads\/2018\/05\/PasswortSetzen.png\" data-orig-size=\"674,994\" data-comments-opened=\"1\" data-image-meta=\"{&quot;aperture&quot;:&quot;0&quot;,&quot;credit&quot;:&quot;&quot;,&quot;camera&quot;:&quot;&quot;,&quot;caption&quot;:&quot;&quot;,&quot;created_timestamp&quot;:&quot;0&quot;,&quot;copyright&quot;:&quot;&quot;,&quot;focal_length&quot;:&quot;0&quot;,&quot;iso&quot;:&quot;0&quot;,&quot;shutter_speed&quot;:&quot;0&quot;,&quot;title&quot;:&quot;&quot;,&quot;orientation&quot;:&quot;0&quot;}\" data-image-title=\"PasswortSetzen\" data-image-description=\"\" data-image-caption=\"\" data-large-file=\"https:\/\/www.litter.me\/wp\/wp-content\/uploads\/2018\/05\/PasswortSetzen-521x768.png\" class=\"wp-image-5139 size-thumbnail\" src=\"https:\/\/www.litter.me\/wp\/wp-content\/uploads\/2018\/05\/PasswortSetzen-160x160.png\" alt=\"\" width=\"160\" height=\"160\" \/><\/a><figcaption id=\"caption-attachment-5139\" class=\"wp-caption-text\">Passwortvergabe<\/figcaption><\/figure>\n<p>Die Mail enth\u00e4lt einen Link, den ihr anklicken k\u00f6nnt (unter der Zeile <em>&#8220;Unter der folgenden Adresse kannst du dein Passwort festlegen:&#8221;<\/em>), um euer <strong>Passwort<\/strong> zu vergeben.<br \/>\nIhr gelangt auf eine Seite mit dem Hinweis <em>&#8220;Gib bitte hier dein neues Passwort ein&#8221; (siehe Bild). \u00a0<\/em>Wir k\u00f6nnen das Passwort nat\u00fcrlich nicht einsehen. Nach dem Klick auf <strong>Passwort zur\u00fccksetzen<\/strong>\u00a0k\u00f6nnt ihr euch auf der Hauptseite anmelden.<\/p>\n<p>&nbsp;<\/p>\n<h2>3. Freischaltung<\/h2>\n<p>Sobald Ihr euch bei uns registriert habt bekommen wir dar\u00fcber eine Nachricht. <strong>Wir schalten euch dann (wenn wir euch kennen!) f\u00fcr unsere privaten Beitr\u00e4ge frei<\/strong>. Benutzer die wir nicht kennen werden kommentarlos gel\u00f6scht. Bitte habt etwas Geduld, es kann schonmal ein paar Stunden dauern. Meldet euch einfach sp\u00e4ter nochmal an, ihr solltet dann irgendwann die Kategorie <strong>We are Family<\/strong> im oberen Men\u00fc sehen.<\/p>\n<h2>Anmeldung \/ Passwort vergessen<\/h2>\n<figure id=\"attachment_5142\" aria-describedby=\"caption-attachment-5142\" style=\"width: 160px\" class=\"wp-caption alignleft\"><a href=\"https:\/\/www.litter.me\/wp\/wp-content\/uploads\/2018\/05\/Login.png\"><img loading=\"lazy\" decoding=\"async\" data-attachment-id=\"5142\" data-permalink=\"https:\/\/www.litter.me\/?attachment_id=5142\" data-orig-file=\"https:\/\/www.litter.me\/wp\/wp-content\/uploads\/2018\/05\/Login.png\" data-orig-size=\"686,782\" data-comments-opened=\"1\" data-image-meta=\"{&quot;aperture&quot;:&quot;0&quot;,&quot;credit&quot;:&quot;&quot;,&quot;camera&quot;:&quot;&quot;,&quot;caption&quot;:&quot;&quot;,&quot;created_timestamp&quot;:&quot;0&quot;,&quot;copyright&quot;:&quot;&quot;,&quot;focal_length&quot;:&quot;0&quot;,&quot;iso&quot;:&quot;0&quot;,&quot;shutter_speed&quot;:&quot;0&quot;,&quot;title&quot;:&quot;&quot;,&quot;orientation&quot;:&quot;0&quot;}\" data-image-title=\"Login\" data-image-description=\"\" data-image-caption=\"\" data-large-file=\"https:\/\/www.litter.me\/wp\/wp-content\/uploads\/2018\/05\/Login-674x768.png\" class=\"wp-image-5142 size-thumbnail\" src=\"https:\/\/www.litter.me\/wp\/wp-content\/uploads\/2018\/05\/Login-160x160.png\" alt=\"\" width=\"160\" height=\"160\" \/><\/a><figcaption id=\"caption-attachment-5142\" class=\"wp-caption-text\">Anmeldung<\/figcaption><\/figure>\n<p>Die Anmeldung erfolgt \u00fcber den Link <strong>Anmelden<\/strong> im Men\u00fc oder direkt rechts im Anmeldebereich auf der Homepage. Mittels <strong>Passwort vergessen<\/strong> k\u00f6nnt Ihr euer Passwort im Bedarfsfall selbst zur\u00fccksetzen.<\/p>\n<p>&nbsp;<\/p>\n<p>&nbsp;<\/p>\n<h2>Hilfe<\/h2>\n<p>Falls irgendetwas nicht klappen sollte kontaktiert uns gerne auf den euch bekannten Wegen. Wir helfen euch gerne weiter.<\/p>\n<p>&nbsp;<\/p>\n","protected":false},"excerpt":{"rendered":"<p>Wir m\u00f6chten besonders unseren Familienmitgliedern und Freunden, die etwas weiter weg wohnen, die M\u00f6glichkeit geben uns etwas n\u00e4her zu sein. Daher gibt es einen privaten Bereich dieser Homepage, welcher eine Registrierung erfordert. Bitte geht mit den Bilder in den Beitr\u00e4gen \/ Galerien sorgsam und respektvoll um. Postet Bilder bitte keinesfalls auf Onlineplattformen wie Facebook\/Twitter\/etc. Ebenso bitten wir euch keine Fotos im WhatsApp-Status zu verwenden, da diese jeder eurer Kontakte sehen und speichern kann. Das m\u00f6chten wir nicht. So. Genug der Regeln, anbei die Anleitung zur Registrierung und viel Spa\u00df mit den Artikeln und Bildern! 1. Registrieren Bitte benutzt den Direktlink zur Registrierung oder den Registrieren\u00a0Button auf der rechten Seite der Homepage.\u00a0Gebt in das Formular bitte euren gew\u00fcnschten Benutzernamen und eure Emailadresse ein. Ihr erhaltet dann kurze Zeit sp\u00e4ter eine Mail von uns mit einem Link, mit dem ihr euer eigenes Passwort vergeben k\u00f6nnt. 2. Passwort vergeben Die Mail enth\u00e4lt einen Link, den ihr anklicken k\u00f6nnt (unter der Zeile &#8220;Unter der folgenden Adresse kannst du dein Passwort festlegen:&#8221;), um euer Passwort zu vergeben. Ihr gelangt auf eine Seite mit dem Hinweis &#8220;Gib bitte hier dein neues Passwort ein&#8221; (siehe Bild). \u00a0Wir k\u00f6nnen das Passwort nat\u00fcrlich nicht einsehen. Nach dem Klick auf Passwort zur\u00fccksetzen\u00a0k\u00f6nnt ihr euch auf der Hauptseite anmelden. &nbsp; 3. Freischaltung Sobald Ihr euch bei uns registriert habt bekommen wir dar\u00fcber eine Nachricht. Wir schalten euch dann (wenn wir euch kennen!) f\u00fcr unsere privaten Beitr\u00e4ge frei. Benutzer die wir nicht kennen werden kommentarlos gel\u00f6scht. Bitte habt etwas Geduld, es kann schonmal ein paar Stunden dauern. Meldet euch einfach sp\u00e4ter nochmal an, ihr solltet dann irgendwann die Kategorie We are Family im oberen Men\u00fc sehen. Anmeldung \/ Passwort vergessen Die Anmeldung erfolgt \u00fcber den Link Anmelden im Men\u00fc oder direkt rechts im Anmeldebereich auf der Homepage. Mittels Passwort vergessen k\u00f6nnt Ihr euer Passwort im Bedarfsfall selbst zur\u00fccksetzen. &nbsp; &nbsp; Hilfe Falls irgendetwas nicht klappen sollte kontaktiert uns gerne auf den euch bekannten Wegen. Wir helfen euch gerne weiter. &nbsp;<\/p>\n","protected":false},"author":2,"featured_media":0,"parent":0,"menu_order":0,"comment_status":"closed","ping_status":"closed","template":"","meta":{"_s2mail":"","footnotes":""},"class_list":["post-5134","page","type-page","status-publish","hentry"],"jetpack_shortlink":"https:\/\/wp.me\/P3wBN1-1kO","jetpack_likes_enabled":true,"jetpack_sharing_enabled":true,"_links":{"self":[{"href":"https:\/\/www.litter.me\/index.php?rest_route=\/wp\/v2\/pages\/5134","targetHints":{"allow":["GET"]}}],"collection":[{"href":"https:\/\/www.litter.me\/index.php?rest_route=\/wp\/v2\/pages"}],"about":[{"href":"https:\/\/www.litter.me\/index.php?rest_route=\/wp\/v2\/types\/page"}],"author":[{"embeddable":true,"href":"https:\/\/www.litter.me\/index.php?rest_route=\/wp\/v2\/users\/2"}],"replies":[{"embeddable":true,"href":"https:\/\/www.litter.me\/index.php?rest_route=%2Fwp%2Fv2%2Fcomments&post=5134"}],"version-history":[{"count":9,"href":"https:\/\/www.litter.me\/index.php?rest_route=\/wp\/v2\/pages\/5134\/revisions"}],"predecessor-version":[{"id":5150,"href":"https:\/\/www.litter.me\/index.php?rest_route=\/wp\/v2\/pages\/5134\/revisions\/5150"}],"wp:attachment":[{"href":"https:\/\/www.litter.me\/index.php?rest_route=%2Fwp%2Fv2%2Fmedia&parent=5134"}],"curies":[{"name":"wp","href":"https:\/\/api.w.org\/{rel}","templated":true}]}}