{"id":557,"date":"2013-04-20T14:26:10","date_gmt":"2013-04-20T12:26:10","guid":{"rendered":"http:\/\/www.litter.me\/wp\/?page_id=557"},"modified":"2018-05-12T17:44:25","modified_gmt":"2018-05-12T15:44:25","slug":"2010-holland","status":"publish","type":"page","link":"https:\/\/www.litter.me\/?page_id=557","title":{"rendered":"2010 &#8211; Holland"},"content":{"rendered":"<p>Diesmal ging es mit der Gang nach Holland zum Hausbootfahren. Nun, nicht um das zu tun was viele mit Holland in Verbindung bringen ;-). Vielmehr ging es uns darum etwas zu entschleunigen, Ruhe zu erleben und die gr\u00fcnen flachen Landschaften, sowie das Meer zu genie\u00dfen. Daher erschien uns das Hausboot genau das Richtige, um auf den vielen Kan\u00e4len und Anlegestegen in der freien Natur zu entspannen und nat\u00fcrlich auch ordentlich Spa\u00df zu haben.<\/p>\n\r\n\t\t<div id=\"wpgpxmaps_557_517320\" class=\"wpgpxmaps\">\r\n\t\t\t<div id=\"map_557_517320_cont\" style=\"width:100%; height:450px;position:relative\" >\r\n\t\t\t\t<div id=\"map_557_517320\" style=\"width:100%; height:450px\"><\/div>\r\n\t\t\t\t<div id=\"wpgpxmaps_557_517320_osm_footer\" class=\"wpgpxmaps_osm_footer\" style=\"display:none;\"><span> &copy; <a href=\"http:\/\/www.openstreetmap.org\/copyright\">OpenStreetMap<\/a> contributors<\/span><\/div>\r\n\t\t\t<\/div>\r\n\t\t\t<canvas id=\"myChart_557_517320\" class=\"plot\" style=\"width:100%; height:200px\"><\/canvas>\r\n\t\t\t<div id=\"ngimages_557_517320\" class=\"ngimages\" style=\"display:none\"><\/div>\r\n\t\t\t<div id=\"report_557_517320\" class=\"report\"><\/div>\r\n\t\t<\/div>\r\n\t\t\r\n\t\t<script type=\"text\/javascript\">\r\n\r\n\t\t\tjQuery(document).ready(function() {\r\n\r\n\t\t\t\tjQuery( \"#wpgpxmaps_557_517320\" ).wpgpxmaps( {\r\n\t\t\t\t\ttargetId           : \"557_517320\",\r\n\t\t\t\t\tmapType            : \"OSM10\",\r\n\t\t\t\t\tmapData            : [[53.0757020,5.8008890],[53.1335510,5.8968820],[53.1306340,5.8973180],[53.1323610,5.8869620],[53.1143990,5.8742570],[53.0674150,5.8081930],[53.0749530,5.8038250],[53.0758090,5.8007910],[53.0713990,5.8044270],[53.0092680,5.7213910],[52.9821560,5.6869260],[52.9819900,5.6869290],[52.9831280,5.6865400],[52.9870720,5.6898230],[52.9930080,5.6870690],[53.0172950,5.6756410],[53.0280960,5.6631370],[53.0328010,5.6672420],[53.0296520,5.6756360],[53.0344000,5.6719010],[53.0334200,5.6776190],[53.0345200,5.6768360],[53.0344840,5.6767100],[53.0329960,5.6768080],[53.0292270,5.6753170],[53.0225280,5.6961810],[53.0200720,5.7239640],[52.9991690,5.7052390],[52.9677980,5.6906900],[52.9686870,5.6204750],[52.9663110,5.6204530],[52.9659040,5.6109880],[52.9686580,5.6125900],[52.9659820,5.6119450],[52.9568250,5.5442800],[52.9842170,5.5041940],[52.9901540,5.5043160],[52.9912710,5.5033150],[52.9940960,5.5130240],[52.9966770,5.5101650],[52.9957650,5.5094180],[52.9955380,5.5092740],[52.9956840,5.5140450],[52.9842950,5.5043430],[52.9718480,5.4929090],[52.9779040,5.4674860],[52.9776120,5.4624040],[52.9796020,5.4636230],[52.9818570,5.4683180],[52.9825490,5.4693260],[52.9825550,5.4692470],[52.9828870,5.4693790],[52.9958480,5.4750390],[53.0118120,5.4773070],[53.0179810,5.4782740],[53.0502250,5.5068520],[53.0578690,5.5193390],[53.0601580,5.5197460],[53.0603280,5.5194020],[53.0603390,5.5193340],[53.0608350,5.5188800],[53.0615280,5.5183690],[53.0620000,5.5177810],[53.0617030,5.5202200],[53.0614500,5.5220510],[53.0622030,5.5227460],[53.0634370,5.5235330],[53.0644540,5.5245950],[53.0644700,5.5257440],[53.0640390,5.5262700],[53.0634950,5.5248290],[53.0626190,5.5237460],[53.0620630,5.5237010],[53.0620430,5.5249940],[53.0621280,5.5248320],[53.0621230,5.5243510],[53.0617420,5.5224040],[53.0614100,5.5201780],[53.0620660,5.5188620],[53.0603040,5.5192240],[53.0644880,5.5228340],[53.0707580,5.5257700],[53.0786170,5.5357310],[53.0871200,5.5462900],[53.0950120,5.5593520],[53.0978150,5.5600630],[53.1062130,5.5843250],[53.1095260,5.5866670],[53.1183210,5.5917170],[53.1201260,5.6035170],[53.1195950,5.6222860],[53.1233010,5.6281800],[53.1270460,5.6272380],[53.1309740,5.6280330],[53.1363210,5.6391720],[53.1528980,5.6197630],[53.1604440,5.6103120],[53.1675080,5.6006660],[53.1842120,5.5522170],[53.1797690,5.5298150],[53.1750760,5.4488120],[53.1751610,5.4487860],[53.1781290,5.4217310],[53.1783150,5.4417760],[53.1745040,5.4366350],[53.1738990,5.4261110],[53.1739290,5.4256330],[53.1739940,5.4254470],[53.1741020,5.4239760],[53.1746350,5.4222830],[53.1758290,5.4216800],[53.1757230,5.4200300],[53.1753920,5.4190790],[53.1749610,5.4180510],[53.1749790,5.4174370],[53.1752610,5.4163890],[53.1748600,5.4153710],[53.1750070,5.4138550],[53.1749170,5.4122520],[53.1757510,5.4113940],[53.1757290,5.4116170],[53.1756960,5.4116250],[53.1750490,5.4118160],[53.1748190,5.4132730],[53.1739560,5.4131330],[53.1720920,5.4165840],[53.1717860,5.4186960],[53.1725560,5.4191430],[53.1734050,5.4193170],[53.1740480,5.4196910],[53.1745310,5.4199670],[53.1744930,5.4212570],[53.1745980,5.4212370],[53.1742240,5.4210470],[53.1736070,5.4202530],[53.1733030,5.4192320],[53.1722430,5.4188760],[53.1715670,5.4184370],[53.1718560,5.4174390],[53.1716290,5.4167010],[53.1710990,5.4162320],[53.1705590,5.4156860],[53.1700590,5.4156990],[53.1700410,5.4155810],[53.1705870,5.4157850],[53.1706790,5.4160970],[53.1716490,5.4165510],[53.1718820,5.4169170],[53.1716120,5.4184000],[53.1724730,5.4189680],[53.1731880,5.4191650],[53.1741600,5.4196080],[53.1744880,5.4207910],[53.1743410,5.4222570],[53.1741530,5.4233120],[53.1738950,5.4245310],[53.1739790,5.4257240],[53.1740020,5.4261430],[53.1745760,5.4312730],[53.1744790,5.4354580],[53.1744800,5.4361650],[53.1749080,5.4511580],[53.1756760,5.4650920],[53.1756680,5.4761000],[53.1845230,5.5458160],[53.1779300,5.5832590],[53.1934770,5.6386100],[53.1958420,5.6280410],[53.1912590,5.6225540],[53.1891450,5.6492920],[53.1866600,5.7667240],[53.1832540,5.7978440],[53.1886460,5.8378140],[53.1954990,5.8224110],[53.1940200,5.8191050],[53.1952930,5.8255780],[53.1994790,5.8302410],[53.1994620,5.8305940],[53.1890130,5.8378160],[53.1874420,5.8525820],[53.1687670,5.9137360],[53.1683140,5.9333150],[53.1446330,5.9092420],[53.1354070,5.9084310],[53.1335280,5.9007530]],\r\n\t\t\t\t\tgraphDist          : [0.00,9704.19,10051.28,10987.16,13255.60,20272.37,21186.44,21480.22,22121.66,31548.88,35412.50,35560.66,35773.12,36372.98,37229.33,40054.69,41570.82,42259.40,43022.40,43822.74,44366.44,44511.67,44603.42,44801.54,45236.35,46886.18,48898.60,51696.11,55599.08,60597.93,60918.15,61833.41,62215.62,62586.24,68249.40,73765.90,74455.35,74906.79,75677.77,76153.80,76370.05,76462.23,76878.93,78382.50,80013.82,81979.44,82499.23,82767.60,83472.90,83789.37,83893.86,84023.71,85526.03,87373.38,88072.58,92162.34,93425.03,93708.97,93918.59,94017.68,94100.58,94216.18,94332.04,94587.73,94725.86,94860.87,95016.84,95159.46,95326.77,95510.66,95702.80,95829.32,95924.35,96096.77,96438.18,96606.53,96914.32,97076.64,97214.05,97516.53,98238.29,99032.15,100209.34,101421.76,102798.77,103223.96,105168.68,105577.90,106665.15,107499.72,108937.00,109585.89,110037.97,110523.91,111565.40,114423.52,115503.50,116665.89,120722.99,122354.96,127847.09,128417.04,130567.59,132152.82,132788.86,133552.19,133643.10,133741.15,133849.77,134001.39,134193.33,134316.58,134425.98,134550.72,134643.05,134754.21,134891.76,135012.82,135130.74,135252.09,135339.11,135416.92,135506.26,135626.31,135733.92,136058.79,136222.12,136317.68,136417.44,136517.82,136614.93,136716.51,136805.99,136915.45,137045.63,137153.08,137277.74,137367.53,137448.24,137527.88,137603.93,137692.56,137771.67,137872.43,137959.39,138075.22,138223.62,138331.64,138448.79,138575.34,138657.44,138788.33,138922.76,139044.04,139227.44,139321.36,139411.49,139502.21,139859.04,140140.74,140290.43,141512.47,142447.96,143182.40,148057.44,150674.89,155132.87,156087.97,156763.57,158574.09,167099.94,169212.76,171986.07,173599.65,174020.77,174516.12,175643.80,176062.83,177335.21,178423.59,183730.45,185130.63,188331.22,189597.04,190289.81],\r\n\t\t\t\t\tgraphEle           : [-2.75,-15.24,-15.24,-16.69,-15.24,-15.24,-15.24,-20.53,-20.05,-18.13,-18.61,-19.09,-11.88,-11.40,-11.88,-12.36,-13.32,-12.84,-12.84,-13.32,-13.80,-13.32,-27.26,-27.74,-27.74,-27.74,-27.26,-28.22,-28.22,-26.78,-26.78,-26.78,-25.82,-23.41,-23.41,-21.01,-20.05,-21.01,-21.49,-20.05,-21.01,11.67,11.67,12.15,13.60,14.08,16.96,17.44,19.36,19.36,18.40,17.44,18.40,19.36,19.36,18.88,20.32,19.84,20.32,21.77,20.32,20.32,23.21,23.69,23.69,23.21,25.61,23.21,26.57,25.61,25.13,27.05,26.57,26.57,28.02,28.02,28.50,23.69,28.02,25.61,27.53,28.98,29.94,29.46,31.86,35.23,35.23,35.23,35.71,30.90,26.57,26.57,24.65,24.17,23.69,24.17,23.21,22.73,22.73,21.29,18.88,18.40,16.48,16.96,14.56,14.08,13.12,11.67,14.56,13.60,13.12,14.08,14.56,13.12,7.35,12.63,8.31,12.15,13.12,16.00,26.09,22.25,14.08,13.12,13.60,13.12,12.63,10.23,8.31,11.19,11.19,11.67,11.19,13.12,9.27,10.23,10.71,4.94,12.63,12.15,4.94,15.04,17.92,13.12,9.75,11.19,10.23,9.75,11.19,8.31,8.31,7.35,8.31,8.79,11.19,13.12,0.14,5.42,5.91,7.83,6.87,5.42,6.39,6.87,8.31,8.31,11.19,5.42,6.87,7.35,6.39,7.35,4.94,5.91,5.91,6.39,6.39,1.10,1.10,1.58,1.10,1.10,0.62,0.62,-0.82],\r\n\t\t\t\t\tgraphSpeed         : [],\r\n\t\t\t\t\tgraphHr            : [],\r\n\t\t\t\t\tgraphAtemp         : [],\r\n\t\t\t\t\tgraphCad           : [],\r\n\t\t\t\t\tgraphGrade         : [],\r\n\t\t\t\t\twaypoints          : [],\r\n\t\t\t\t\tunit               : \"0\",\r\n\t\t\t\t\tunitspeed          : \"0\",\r\n\t\t\t\t\tcolor1             : [\"#3366cc\"],\r\n\t\t\t\t\tcolor2             : \"#3366cc\",\r\n\t\t\t\t\tcolor3             : \"#ff0000\",\r\n\t\t\t\t\tcolor4             : \"#ff77bd\",\r\n\t\t\t\t\tcolor5             : \"#beecff\",\r\n\t\t\t\t\tcolor6             : \"#beecff\",\r\n\t\t\t\t\tcolor7             : \"#ff77bd\",\r\n\t\t\t\t\tchartFrom1         : \"\",\r\n\t\t\t\t\tchartTo1           : \"\",\r\n\t\t\t\t\tchartFrom2         : \"\",\r\n\t\t\t\t\tchartTo2           : \"\",\r\n\t\t\t\t\tstartIcon          : \"\",\r\n\t\t\t\t\tendIcon            : \"\",\r\n\t\t\t\t\tcurrentIcon        : \"\",\r\n\t\t\t\t\twaypointIcon       : \"\",\r\n\t\t\t\t\tcurrentpositioncon : \"\",\r\n\t\t\t\t\tusegpsposition     : \"\",\r\n\t\t\t\t\tzoomOnScrollWheel  : \"\",\r\n\t\t\t\t\tngGalleries        : [],\r\n\t\t\t\t\tngImages           : [],\r\n\t\t\t\t\tpluginUrl          : \"https:\/\/www.litter.me\/wp\/wp-content\/plugins\",\r\n\t\t\t\t\tTFApiKey           : \"\",\r\n\t\t\t\t\tMapBoxApiKey           : \"\",\r\n\t\t\t\t\tlangs              : {\r\n\t\t\t\t\t\taltitude        : \"H\u00f6he\",\r\n\t\t\t\t\t\tcurrentPosition : \"Aktuelle Position\",\r\n\t\t\t\t\t\tspeed           : \"Geschwindigkeit\",\r\n\t\t\t\t\t\tgrade           : \"Steigung\",\r\n\t\t\t\t\t\theartRate       : \"Herzfrequenz\",\r\n\t\t\t\t\t\tatemp           : \"Temperatur\",\r\n\t\t\t\t\t\tcadence         : \"Trittfrequenz\",\r\n\t\t\t\t\t\tgoFullScreen    : \"Vollbildansicht\",\r\n\t\t\t\t\t\texitFullFcreen  : \"Vollbild verlassen\",\r\n\t\t\t\t\t\thideImages      : \"Bilder verbergen\",\r\n\t\t\t\t\t\tshowImages      : \"Bilder zeigen\",\r\n\t\t\t\t\t\tbackToCenter\t: \"Zur\u00fcck zur Mitte\"\r\n\t\t\t\t\t}\r\n\t\t\t\t});\r\n\r\n\t\t\t});\r\n\r\n\t\t<\/script>Download file: <a href='https:\/\/www.litter.me\/wp-content\/uploads\/Holland_2.gpx' target='_new' download>Holland_2.gpx<\/a>\n<p>Dazu geh\u00f6rten beispielsweise Besuche von malerischen St\u00e4dchen, Drachensteigen und nat\u00fcrlich grillen. Es macht sich allerdings nicht so gut, wenn man den Grill genau an der Stelle auf einem Holzsteg neben dem Boot platziert, wo das Bilsch-Wasser rauskommt *g*. Es war nicht allzu wahrscheinlich genau die Stelle am Boot zu finden, an der unser Grillgut mit einer leckeren Mischung aus Wasser und \u00d6l \u00fcbersp\u00fclt wurde (sobald man den Knopf zur Bilschpumpe dr\u00fcckt). Naja&#8230; in Zukunft werden wir auf kleine \u00d6ffnungen im Rumpf achten und die Pumpe vorher schonmal bet\u00e4tigen ;-).<\/p>\n<p>Alles in Allem ein sehr sch\u00f6ner Urlaub mit meinen besten Freunden. Auf dass noch viele kommen m\u00f6gen&#8230;<\/p>\n","protected":false},"excerpt":{"rendered":"<p>Diesmal ging es mit der Gang nach Holland zum Hausbootfahren. Nun, nicht um das zu tun was viele mit Holland in Verbindung bringen ;-). Vielmehr ging es uns darum etwas zu entschleunigen, Ruhe zu erleben und die gr\u00fcnen flachen Landschaften, sowie das Meer zu genie\u00dfen. Daher erschien uns das Hausboot genau das Richtige, um auf den vielen Kan\u00e4len und Anlegestegen in der freien Natur zu entspannen und nat\u00fcrlich auch ordentlich Spa\u00df zu haben. Dazu geh\u00f6rten beispielsweise Besuche von malerischen St\u00e4dchen, Drachensteigen und nat\u00fcrlich grillen. Es macht sich allerdings nicht so gut, wenn man den Grill genau an der Stelle auf einem Holzsteg neben dem Boot platziert, wo das Bilsch-Wasser rauskommt *g*. Es war nicht allzu wahrscheinlich genau die Stelle am Boot zu finden, an der unser Grillgut mit einer leckeren Mischung aus Wasser und \u00d6l \u00fcbersp\u00fclt wurde (sobald man den Knopf zur Bilschpumpe dr\u00fcckt). Naja&#8230; in Zukunft werden wir auf kleine \u00d6ffnungen im Rumpf achten und die Pumpe vorher schonmal bet\u00e4tigen ;-). Alles in Allem ein sehr sch\u00f6ner Urlaub mit meinen besten Freunden. Auf dass noch viele kommen m\u00f6gen&#8230;<\/p>\n","protected":false},"author":2,"featured_media":0,"parent":479,"menu_order":0,"comment_status":"open","ping_status":"open","template":"template-fullwidth.php","meta":{"_s2mail":"","jetpack_post_was_ever_published":false,"footnotes":""},"class_list":["post-557","page","type-page","status-publish","hentry"],"jetpack_shortlink":"https:\/\/wp.me\/P3wBN1-8Z","jetpack_likes_enabled":true,"jetpack_sharing_enabled":true,"_links":{"self":[{"href":"https:\/\/www.litter.me\/index.php?rest_route=\/wp\/v2\/pages\/557","targetHints":{"allow":["GET"]}}],"collection":[{"href":"https:\/\/www.litter.me\/index.php?rest_route=\/wp\/v2\/pages"}],"about":[{"href":"https:\/\/www.litter.me\/index.php?rest_route=\/wp\/v2\/types\/page"}],"author":[{"embeddable":true,"href":"https:\/\/www.litter.me\/index.php?rest_route=\/wp\/v2\/users\/2"}],"replies":[{"embeddable":true,"href":"https:\/\/www.litter.me\/index.php?rest_route=%2Fwp%2Fv2%2Fcomments&post=557"}],"version-history":[{"count":7,"href":"https:\/\/www.litter.me\/index.php?rest_route=\/wp\/v2\/pages\/557\/revisions"}],"predecessor-version":[{"id":5015,"href":"https:\/\/www.litter.me\/index.php?rest_route=\/wp\/v2\/pages\/557\/revisions\/5015"}],"up":[{"embeddable":true,"href":"https:\/\/www.litter.me\/index.php?rest_route=\/wp\/v2\/pages\/479"}],"wp:attachment":[{"href":"https:\/\/www.litter.me\/index.php?rest_route=%2Fwp%2Fv2%2Fmedia&parent=557"}],"curies":[{"name":"wp","href":"https:\/\/api.w.org\/{rel}","templated":true}]}}